{"id":67,"date":"2021-07-15T14:19:15","date_gmt":"2021-07-15T14:19:15","guid":{"rendered":"http:\/\/optima.nstrefa.pl\/?page_id=67"},"modified":"2026-02-13T12:19:45","modified_gmt":"2026-02-13T12:19:45","slug":"home","status":"publish","type":"page","link":"https:\/\/optima.olecko.pl\/","title":{"rendered":"Strona g\u0142\u00f3wna"},"content":{"rendered":"\n\n\t\t\t\t<p>Zarz\u0105dzanie, wykonawstwo i nadz\u00f3r nad pracami i robotami eksploatacyjnymi jak obs\u0142uga urz\u0105dze\u0144, naprawy, konserwacje, przegl\u0105dy, roboty instalacyjno-monta\u017cowe wodno-kanalizacyjne prowadzone s\u0105 pod nadzorem kadry in\u017cynieryjno-technicznej o najwy\u017cszych kwalifikacjach. Stale uczestniczymy w specjalistycznych szkoleniach technicznych nad pog\u0142\u0119bianiem wiedzy z zakresu problematyki i innowacji technicznych zwi\u0105zanych z zaopatrzeniem ludno\u015bci w wod\u0119 i gospodarowania zasobami, obs\u0142ugi urz\u0105dze\u0144 i konserwacji, napraw, automatyce przemys\u0142owej i elektronice, technologii uzdatniania wody i oczyszczania \u015bciek\u00f3w.<br \/>Zdobyte do\u015bwiadczenie, umiej\u0119tno\u015bci w identyfikowaniu problem\u00f3w i ich rozwi\u0105zywaniu, uk\u0142adaj\u0105ca si\u0119 wsp\u00f3\u0142praca z W\u0142adzami Samorz\u0105d\u00f3w Gminnych w zakresie zbiorowego zaopatrzenia w wod\u0119 i zbiorowego odprowadzania \u015bciek\u00f3w, daje nam poczucie potrzeby istnienia na rynku. Rozumiemy i znamy potrzeby naszych kontrahent\u00f3w w zakresie zbiorowego zaopatrzenia ludno\u015bci w wod\u0119 i zbiorowego odprowadzania \u015bciek\u00f3w.<\/p>\n\n","protected":false},"excerpt":{"rendered":"<p>Let Me Help You Overshoot Your Goals in the Right Ways.\u200b Lorem ipsum dolor sit amet, consectetur adipiscing elit, sed do eiusmod tempor incididunt ut labore et dolore magna aliqua. Ut enim ad minim veniam, nostrud exercitation ullamco laboris. Start Now Read More As Featured In:\u200b What I do\u200b Proin gravida nibh vel velit auctor &hellip;<\/p>\n<p class=\"read-more\"> <a class=\"\" href=\"https:\/\/websitedemos.net\/coach-03\/\"> <span class=\"screen-reader-text\">Home<\/span> Read More &raquo;<\/a><\/p>\n","protected":false},"author":1,"featured_media":0,"parent":0,"menu_order":0,"comment_status":"closed","ping_status":"closed","template":"","meta":{"footnotes":""},"class_list":["post-67","page","type-page","status-publish","hentry"],"_links":{"self":[{"href":"https:\/\/optima.olecko.pl\/index.php\/wp-json\/wp\/v2\/pages\/67","targetHints":{"allow":["GET"]}}],"collection":[{"href":"https:\/\/optima.olecko.pl\/index.php\/wp-json\/wp\/v2\/pages"}],"about":[{"href":"https:\/\/optima.olecko.pl\/index.php\/wp-json\/wp\/v2\/types\/page"}],"author":[{"embeddable":true,"href":"https:\/\/optima.olecko.pl\/index.php\/wp-json\/wp\/v2\/users\/1"}],"replies":[{"embeddable":true,"href":"https:\/\/optima.olecko.pl\/index.php\/wp-json\/wp\/v2\/comments?post=67"}],"version-history":[{"count":51,"href":"https:\/\/optima.olecko.pl\/index.php\/wp-json\/wp\/v2\/pages\/67\/revisions"}],"predecessor-version":[{"id":516,"href":"https:\/\/optima.olecko.pl\/index.php\/wp-json\/wp\/v2\/pages\/67\/revisions\/516"}],"wp:attachment":[{"href":"https:\/\/optima.olecko.pl\/index.php\/wp-json\/wp\/v2\/media?parent=67"}],"curies":[{"name":"wp","href":"https:\/\/api.w.org\/{rel}","templated":true}]}}